{"id":472,"date":"2024-05-20T16:16:23","date_gmt":"2024-05-20T14:16:23","guid":{"rendered":"https:\/\/takatoukite.com\/?page_id=472"},"modified":"2024-12-13T16:12:40","modified_gmt":"2024-12-13T15:12:40","slug":"itineraire","status":"publish","type":"page","link":"https:\/\/takatoukite.com\/index.php\/itineraire\/","title":{"rendered":"Itin\u00e9raire"},"content":{"rendered":"\n<p style=\"font-size:30px\"><strong>Petit Nord \u00e0 v\u00e9lo :<\/strong><\/p>\n\n\n\n\t<iframe loading=\"lazy\" src=\"https:\/\/takatoukite.travelmap.net?map-only=1\" width=\"100%\" height=\"550\" class=\"travelmap-iframe\" allow=\"geolocation\" scrolling=\"yes\" frameborder=\"0\" allowfullscreen style=\"box-shadow: 0 2px 2px 0 rgba(0, 0, 0, 0.14), 0 3px 1px -2px rgba(0, 0, 0, 0.2), 0 1px 5px 0 rgba(0, 0, 0, 0.12);\"><\/iframe>\r\n\n\n\n\n<div class=\"wp-block-uagb-image uagb-block-83051006 wp-block-uagb-image--layout-default wp-block-uagb-image--effect-static wp-block-uagb-image--align-none\"><figure class=\"wp-block-uagb-image__figure\"><\/figure><\/div>\n\n\n\n<p><\/p>\n\n\n\n<p><\/p>\n\n\n\n<p><\/p>\n\n\n\n<p style=\"font-size:30px\"><strong><a href=\"https:\/\/www.polarsteps.com\/takatoukite\/14472517-turquie-et-georgie?s=dd5f4dd0-d932-4663-befa-1ce1617471a1\" data-type=\"link\" data-id=\"https:\/\/www.polarsteps.com\/takatoukite\/14472517-turquie-et-georgie?s=dd5f4dd0-d932-4663-befa-1ce1617471a1\">Aventures en train en Turquie et G\u00e9orgie<\/a> <\/strong><\/p>\n","protected":false},"excerpt":{"rendered":"<p>Petit Nord \u00e0 v\u00e9lo : Aventures en train en Turquie et G\u00e9orgie<\/p>\n","protected":false},"author":1,"featured_media":0,"parent":0,"menu_order":0,"comment_status":"closed","ping_status":"closed","template":"","meta":{"_uag_custom_page_level_css":"","_monsterinsights_skip_tracking":false,"_monsterinsights_sitenote_active":false,"_monsterinsights_sitenote_note":"","_monsterinsights_sitenote_category":0,"ocean_post_layout":"","ocean_both_sidebars_style":"","ocean_both_sidebars_content_width":0,"ocean_both_sidebars_sidebars_width":0,"ocean_sidebar":"","ocean_second_sidebar":"","ocean_disable_margins":"enable","ocean_add_body_class":"","ocean_shortcode_before_top_bar":"","ocean_shortcode_after_top_bar":"","ocean_shortcode_before_header":"","ocean_shortcode_after_header":"","ocean_has_shortcode":"","ocean_shortcode_after_title":"","ocean_shortcode_before_footer_widgets":"","ocean_shortcode_after_footer_widgets":"","ocean_shortcode_before_footer_bottom":"","ocean_shortcode_after_footer_bottom":"","ocean_display_top_bar":"default","ocean_display_header":"default","ocean_header_style":"","ocean_center_header_left_menu":"","ocean_custom_header_template":"","ocean_custom_logo":0,"ocean_custom_retina_logo":0,"ocean_custom_logo_max_width":0,"ocean_custom_logo_tablet_max_width":0,"ocean_custom_logo_mobile_max_width":0,"ocean_custom_logo_max_height":0,"ocean_custom_logo_tablet_max_height":0,"ocean_custom_logo_mobile_max_height":0,"ocean_header_custom_menu":"","ocean_menu_typo_font_family":"","ocean_menu_typo_font_subset":"","ocean_menu_typo_font_size":0,"ocean_menu_typo_font_size_tablet":0,"ocean_menu_typo_font_size_mobile":0,"ocean_menu_typo_font_size_unit":"px","ocean_menu_typo_font_weight":"","ocean_menu_typo_font_weight_tablet":"","ocean_menu_typo_font_weight_mobile":"","ocean_menu_typo_transform":"","ocean_menu_typo_transform_tablet":"","ocean_menu_typo_transform_mobile":"","ocean_menu_typo_line_height":0,"ocean_menu_typo_line_height_tablet":0,"ocean_menu_typo_line_height_mobile":0,"ocean_menu_typo_line_height_unit":"","ocean_menu_typo_spacing":0,"ocean_menu_typo_spacing_tablet":0,"ocean_menu_typo_spacing_mobile":0,"ocean_menu_typo_spacing_unit":"","ocean_menu_link_color":"","ocean_menu_link_color_hover":"","ocean_menu_link_color_active":"","ocean_menu_link_background":"","ocean_menu_link_hover_background":"","ocean_menu_link_active_background":"","ocean_menu_social_links_bg":"","ocean_menu_social_hover_links_bg":"","ocean_menu_social_links_color":"","ocean_menu_social_hover_links_color":"","ocean_disable_title":"default","ocean_disable_heading":"default","ocean_post_title":"","ocean_post_subheading":"","ocean_post_title_style":"","ocean_post_title_background_color":"","ocean_post_title_background":0,"ocean_post_title_bg_image_position":"","ocean_post_title_bg_image_attachment":"","ocean_post_title_bg_image_repeat":"","ocean_post_title_bg_image_size":"","ocean_post_title_height":0,"ocean_post_title_bg_overlay":0.5,"ocean_post_title_bg_overlay_color":"","ocean_disable_breadcrumbs":"default","ocean_breadcrumbs_color":"","ocean_breadcrumbs_separator_color":"","ocean_breadcrumbs_links_color":"","ocean_breadcrumbs_links_hover_color":"","ocean_display_footer_widgets":"default","ocean_display_footer_bottom":"default","ocean_custom_footer_template":"","footnotes":""},"class_list":["post-472","page","type-page","status-publish","hentry","entry"],"uagb_featured_image_src":{"full":false,"thumbnail":false,"medium":false,"medium_large":false,"large":false,"1536x1536":false,"2048x2048":false,"ocean-thumb-m":false,"ocean-thumb-ml":false,"ocean-thumb-l":false,"detail":false},"uagb_author_info":{"display_name":"Taka","author_link":"https:\/\/takatoukite.com\/index.php\/author\/admin4500\/"},"uagb_comment_info":0,"uagb_excerpt":"Petit Nord \u00e0 v\u00e9lo : Aventures en train en Turquie et G\u00e9orgie","_links":{"self":[{"href":"https:\/\/takatoukite.com\/index.php\/wp-json\/wp\/v2\/pages\/472","targetHints":{"allow":["GET"]}}],"collection":[{"href":"https:\/\/takatoukite.com\/index.php\/wp-json\/wp\/v2\/pages"}],"about":[{"href":"https:\/\/takatoukite.com\/index.php\/wp-json\/wp\/v2\/types\/page"}],"author":[{"embeddable":true,"href":"https:\/\/takatoukite.com\/index.php\/wp-json\/wp\/v2\/users\/1"}],"replies":[{"embeddable":true,"href":"https:\/\/takatoukite.com\/index.php\/wp-json\/wp\/v2\/comments?post=472"}],"version-history":[{"count":6,"href":"https:\/\/takatoukite.com\/index.php\/wp-json\/wp\/v2\/pages\/472\/revisions"}],"predecessor-version":[{"id":1335,"href":"https:\/\/takatoukite.com\/index.php\/wp-json\/wp\/v2\/pages\/472\/revisions\/1335"}],"wp:attachment":[{"href":"https:\/\/takatoukite.com\/index.php\/wp-json\/wp\/v2\/media?parent=472"}],"curies":[{"name":"wp","href":"https:\/\/api.w.org\/{rel}","templated":true}]}}