{"id":458,"date":"2024-05-20T15:36:47","date_gmt":"2024-05-20T13:36:47","guid":{"rendered":"https:\/\/takatoukite.com\/?page_id=458"},"modified":"2024-12-30T12:30:52","modified_gmt":"2024-12-30T11:30:52","slug":"accueil","status":"publish","type":"page","link":"https:\/\/takatoukite.com\/","title":{"rendered":"Accueil"},"content":{"rendered":"\n<div class=\"wp-block-uagb-image aligncenter uagb-block-0d00f0f9 wp-block-uagb-image--layout-default wp-block-uagb-image--effect-static wp-block-uagb-image--align-center\"><figure class=\"wp-block-uagb-image__figure\"><img decoding=\"async\" srcset=\"https:\/\/takatoukite.com\/wp-content\/uploads\/2024\/05\/P_20240101_105411bis-1024x374.jpg ,https:\/\/takatoukite.com\/wp-content\/uploads\/2024\/05\/P_20240101_105411bis-scaled.jpg 780w, https:\/\/takatoukite.com\/wp-content\/uploads\/2024\/05\/P_20240101_105411bis-scaled.jpg 360w\" sizes=\"auto, (max-width: 480px) 150px\" src=\"https:\/\/takatoukite.com\/wp-content\/uploads\/2024\/05\/P_20240101_105411bis-1024x374.jpg\" alt=\"\" class=\"uag-image-705\" width=\"1024\" height=\"374\" title=\"P_20240101_105411bis\" loading=\"lazy\" role=\"img\"\/><\/figure><\/div>\n\n\n\n<div class=\"wp-block-uagb-container uagb-block-7abcae1f alignfull uagb-is-root-container\"><div class=\"uagb-container-inner-blocks-wrap\">\n<div class=\"wp-block-uagb-container uagb-block-ee89b626\">\n<div class=\"wp-block-uagb-container uagb-block-99b3d7a2\"><\/div>\n<\/div>\n<\/div><\/div>\n\n\n\n<div class=\"wp-block-uagb-advanced-heading uagb-block-89e8ded4\"><h4 class=\"uagb-heading-text\"><strong>     Derniers articles publi\u00e9s<\/strong><\/h4><\/div>\n\n\n\n<div class=\"wp-block-group\"><div class=\"wp-block-group__inner-container is-layout-constrained wp-block-group-is-layout-constrained\">\n<div class=\"wp-block-group\"><div class=\"wp-block-group__inner-container is-layout-constrained wp-block-group-is-layout-constrained\">\n<div class=\"wp-block-columns is-layout-flex wp-container-core-columns-is-layout-9d6595d7 wp-block-columns-is-layout-flex\">\n<div class=\"wp-block-column is-layout-flow wp-block-column-is-layout-flow\">\n<div class=\"wp-block-uagb-container uagb-block-721b7511 alignfull uagb-is-root-container\"><div class=\"uagb-container-inner-blocks-wrap\"><\/div><\/div>\n<\/div>\n<\/div>\n<\/div><\/div>\n\n\n\n<div class=\"wp-block-group has-vivid-red-color has-white-background-color has-text-color has-background has-link-color wp-elements-d8d36e90784f49b343f185f8fff7bcf6\"><div class=\"wp-block-group__inner-container is-layout-constrained wp-block-group-is-layout-constrained\">\n\t\t\t<div class=\"wp-block-uagb-post-carousel uagb-post-grid  uagb-post__image-position-top uagb-post__image-enabled uagb-block-ca888599     uagb-post__arrow-outside uagb-slick-carousel uagb-post__items uagb-post__columns-3 is-carousel uagb-post__columns-tablet-2 uagb-post__columns-mobile-1\" data-total=\"2\" style=\"\">\n\n\t\t\t\t\t\t\t\t\t\t\t\t<article class=\"uagb-post__inner-wrap\">\t\t\t\t\t\t\t\t<div class='uagb-post__image'>\n\t\t\t\t\t\t\t\t\t<a href=\"https:\/\/takatoukite.com\/index.php\/2025\/02\/28\/montanas-vacias\/\" target=\"_self\" rel=\"bookmark noopener noreferrer\"><img loading=\"lazy\" decoding=\"async\" width=\"1024\" height=\"769\" src=\"https:\/\/takatoukite.com\/wp-content\/uploads\/2025\/03\/P1270995-1-1024x769.jpg\" class=\"attachment-large size-large\" alt=\"\" srcset=\"https:\/\/takatoukite.com\/wp-content\/uploads\/2025\/03\/P1270995-1-1024x769.jpg 1024w, https:\/\/takatoukite.com\/wp-content\/uploads\/2025\/03\/P1270995-1-300x225.jpg 300w, https:\/\/takatoukite.com\/wp-content\/uploads\/2025\/03\/P1270995-1-768x577.jpg 768w, https:\/\/takatoukite.com\/wp-content\/uploads\/2025\/03\/P1270995-1-1536x1153.jpg 1536w, https:\/\/takatoukite.com\/wp-content\/uploads\/2025\/03\/P1270995-1-2048x1538.jpg 2048w\" sizes=\"auto, (max-width: 1024px) 100vw, 1024px\" \/>\t\t\t\t\t<\/a>\n\t\t\t\t\t\t\t\t\t<\/div>\n\t\t\t\t\t\t<h4 class=\"uagb-post__title uagb-post__text\">\n\t\t\t\t<a href=\"https:\/\/takatoukite.com\/index.php\/2025\/02\/28\/montanas-vacias\/\" target=\"_self\" rel=\"bookmark noopener noreferrer\">MONTA\u00d1AS VAC\u00cdAS<\/a>\n\t\t\t<\/h4>\n\t\t\t\t\t\t<div class='uagb-post__text uagb-post-grid-byline'>\n\t\t\t\t\t\t\t\t<time datetime=\"2025-02-28T11:01:20+01:00\" class=\"uagb-post__date\">\n\t\t\t\t<span class=\"dashicons-calendar dashicons\"><\/span>\t\t\t\t\t28 February 2025\t\t\t\t<\/time>\n\t\t\t\t\t\t<\/div>\n\t\t\t\t\t\t\t<div class='uagb-post__text uagb-post__excerpt'>\n\t\t\t\t\t<p>LA LAPONIE ESPAGNOLE 4 mois s&#8217;\u00e9taient \u00e9coul\u00e9s depuis la fin de notre aventure \u00e0 v\u00e9lo&#8230;\t\t\t\t<\/div>\n\t\t\t\t\t\t<div class=\"uagb-post__text uagb-post__cta wp-block-button\">\n\t\t\t\t<a class=\"wp-block-button__link uagb-text-link\" style=\"\" href=\"https:\/\/takatoukite.com\/index.php\/2025\/02\/28\/montanas-vacias\/\" target=\"_self\" rel=\"bookmark noopener noreferrer\">Read More<\/a>\n\t\t\t<\/div>\n\t\t\t\n\t\t\t\t\t\t\t\t\t<\/article>\n\t\t\t\t\t\t\t\t\t\t\t\t\t\t\t\t<article class=\"uagb-post__inner-wrap\">\t\t\t\t\t\t\t\t<div class='uagb-post__image'>\n\t\t\t\t\t\t\t\t\t<a href=\"https:\/\/takatoukite.com\/index.php\/2025\/02\/05\/le-plan\/\" target=\"_self\" rel=\"bookmark noopener noreferrer\"><img loading=\"lazy\" decoding=\"async\" width=\"819\" height=\"1024\" src=\"https:\/\/takatoukite.com\/wp-content\/uploads\/2025\/02\/Canada1-819x1024.jpg\" class=\"attachment-large size-large\" alt=\"\" srcset=\"https:\/\/takatoukite.com\/wp-content\/uploads\/2025\/02\/Canada1-819x1024.jpg 819w, https:\/\/takatoukite.com\/wp-content\/uploads\/2025\/02\/Canada1-240x300.jpg 240w, https:\/\/takatoukite.com\/wp-content\/uploads\/2025\/02\/Canada1-768x960.jpg 768w, https:\/\/takatoukite.com\/wp-content\/uploads\/2025\/02\/Canada1-1229x1536.jpg 1229w, https:\/\/takatoukite.com\/wp-content\/uploads\/2025\/02\/Canada1-1638x2048.jpg 1638w, https:\/\/takatoukite.com\/wp-content\/uploads\/2025\/02\/Canada1-scaled.jpg 2048w\" sizes=\"auto, (max-width: 819px) 100vw, 819px\" \/>\t\t\t\t\t<\/a>\n\t\t\t\t\t\t\t\t\t<\/div>\n\t\t\t\t\t\t<h4 class=\"uagb-post__title uagb-post__text\">\n\t\t\t\t<a href=\"https:\/\/takatoukite.com\/index.php\/2025\/02\/05\/le-plan\/\" target=\"_self\" rel=\"bookmark noopener noreferrer\">LE PLAN<\/a>\n\t\t\t<\/h4>\n\t\t\t\t\t\t<div class='uagb-post__text uagb-post-grid-byline'>\n\t\t\t\t\t\t\t\t<time datetime=\"2025-02-05T18:19:18+01:00\" class=\"uagb-post__date\">\n\t\t\t\t<span class=\"dashicons-calendar dashicons\"><\/span>\t\t\t\t\t5 February 2025\t\t\t\t<\/time>\n\t\t\t\t\t\t<\/div>\n\t\t\t\t\t\t\t<div class='uagb-post__text uagb-post__excerpt'>\n\t\t\t\t\t<p>1 &#8211; THE GREAT NORTHERN BIKEPACKING ROUTE La GNBR est un itin\u00e9raire de bikepacking qui&#8230;\t\t\t\t<\/div>\n\t\t\t\t\t\t<div class=\"uagb-post__text uagb-post__cta wp-block-button\">\n\t\t\t\t<a class=\"wp-block-button__link uagb-text-link\" style=\"\" href=\"https:\/\/takatoukite.com\/index.php\/2025\/02\/05\/le-plan\/\" target=\"_self\" rel=\"bookmark noopener noreferrer\">Read More<\/a>\n\t\t\t<\/div>\n\t\t\t\n\t\t\t\t\t\t\t\t\t<\/article>\n\t\t\t\t\t\t\t\t\t\t\t\t\t\t\t\t<article class=\"uagb-post__inner-wrap\">\t\t\t\t\t\t\t\t<div class='uagb-post__image'>\n\t\t\t\t\t\t\t\t\t<a href=\"https:\/\/takatoukite.com\/index.php\/2024\/11\/30\/1246\/\" target=\"_self\" rel=\"bookmark noopener noreferrer\"><img loading=\"lazy\" decoding=\"async\" width=\"1024\" height=\"576\" src=\"https:\/\/takatoukite.com\/wp-content\/uploads\/2024\/11\/PETIT-NORD4-1024x576.jpg\" class=\"attachment-large size-large\" alt=\"\" srcset=\"https:\/\/takatoukite.com\/wp-content\/uploads\/2024\/11\/PETIT-NORD4-1024x576.jpg 1024w, https:\/\/takatoukite.com\/wp-content\/uploads\/2024\/11\/PETIT-NORD4-300x169.jpg 300w, https:\/\/takatoukite.com\/wp-content\/uploads\/2024\/11\/PETIT-NORD4-768x432.jpg 768w, https:\/\/takatoukite.com\/wp-content\/uploads\/2024\/11\/PETIT-NORD4-1536x864.jpg 1536w, https:\/\/takatoukite.com\/wp-content\/uploads\/2024\/11\/PETIT-NORD4-800x450.jpg 800w, https:\/\/takatoukite.com\/wp-content\/uploads\/2024\/11\/PETIT-NORD4.jpg 1920w\" sizes=\"auto, (max-width: 1024px) 100vw, 1024px\" \/>\t\t\t\t\t<\/a>\n\t\t\t\t\t\t\t\t\t<\/div>\n\t\t\t\t\t\t<h4 class=\"uagb-post__title uagb-post__text\">\n\t\t\t\t<a href=\"https:\/\/takatoukite.com\/index.php\/2024\/11\/30\/1246\/\" target=\"_self\" rel=\"bookmark noopener noreferrer\">TURQUIE<\/a>\n\t\t\t<\/h4>\n\t\t\t\t\t\t<div class='uagb-post__text uagb-post-grid-byline'>\n\t\t\t\t\t\t\t\t<time datetime=\"2024-11-30T15:35:00+01:00\" class=\"uagb-post__date\">\n\t\t\t\t<span class=\"dashicons-calendar dashicons\"><\/span>\t\t\t\t\t30 November 2024\t\t\t\t<\/time>\n\t\t\t\t\t\t<\/div>\n\t\t\t\t\t\t\t<div class='uagb-post__text uagb-post__excerpt'>\n\t\t\t\t\t<p>CAPPADOCE Nous sommes mont\u00e9s dans le c\u00e9l\u00e8bre Dog\u00f9 Express qui nous a emmen\u00e9 \u00e0 Kayseri,&#8230;\t\t\t\t<\/div>\n\t\t\t\t\t\t<div class=\"uagb-post__text uagb-post__cta wp-block-button\">\n\t\t\t\t<a class=\"wp-block-button__link uagb-text-link\" style=\"\" href=\"https:\/\/takatoukite.com\/index.php\/2024\/11\/30\/1246\/\" target=\"_self\" rel=\"bookmark noopener noreferrer\">Read More<\/a>\n\t\t\t<\/div>\n\t\t\t\n\t\t\t\t\t\t\t\t\t<\/article>\n\t\t\t\t\t\t\t\t\t\t\t\t\t\t\t\t<article class=\"uagb-post__inner-wrap\">\t\t\t\t\t\t\t\t<div class='uagb-post__image'>\n\t\t\t\t\t\t\t\t\t<a href=\"https:\/\/takatoukite.com\/index.php\/2024\/10\/30\/black-rock-lake\/\" target=\"_self\" rel=\"bookmark noopener noreferrer\"><img loading=\"lazy\" decoding=\"async\" width=\"1024\" height=\"576\" src=\"https:\/\/takatoukite.com\/wp-content\/uploads\/2024\/12\/IMG_0485-1024x576.jpg\" class=\"attachment-large size-large\" alt=\"\" srcset=\"https:\/\/takatoukite.com\/wp-content\/uploads\/2024\/12\/IMG_0485-1024x576.jpg 1024w, https:\/\/takatoukite.com\/wp-content\/uploads\/2024\/12\/IMG_0485-300x169.jpg 300w, https:\/\/takatoukite.com\/wp-content\/uploads\/2024\/12\/IMG_0485-768x432.jpg 768w, https:\/\/takatoukite.com\/wp-content\/uploads\/2024\/12\/IMG_0485-1536x864.jpg 1536w, https:\/\/takatoukite.com\/wp-content\/uploads\/2024\/12\/IMG_0485-2048x1152.jpg 2048w, https:\/\/takatoukite.com\/wp-content\/uploads\/2024\/12\/IMG_0485-800x450.jpg 800w\" sizes=\"auto, (max-width: 1024px) 100vw, 1024px\" \/>\t\t\t\t\t<\/a>\n\t\t\t\t\t\t\t\t\t<\/div>\n\t\t\t\t\t\t<h4 class=\"uagb-post__title uagb-post__text\">\n\t\t\t\t<a href=\"https:\/\/takatoukite.com\/index.php\/2024\/10\/30\/black-rock-lake\/\" target=\"_self\" rel=\"bookmark noopener noreferrer\">BLACK ROCK LAKE<\/a>\n\t\t\t<\/h4>\n\t\t\t\t\t\t<div class='uagb-post__text uagb-post-grid-byline'>\n\t\t\t\t\t\t\t\t<time datetime=\"2024-10-30T14:12:00+01:00\" class=\"uagb-post__date\">\n\t\t\t\t<span class=\"dashicons-calendar dashicons\"><\/span>\t\t\t\t\t30 October 2024\t\t\t\t<\/time>\n\t\t\t\t\t\t<\/div>\n\t\t\t\t\t\t\t<div class='uagb-post__text uagb-post__excerpt'>\n\t\t\t\t\t<p>AVENTURES CAUCASIENNES EN G\u00c9ORGIE Depuis Tbilissi, nous sommes mont\u00e9s dans une marshrutka (taxi collectif dans&#8230;\t\t\t\t<\/div>\n\t\t\t\t\t\t<div class=\"uagb-post__text uagb-post__cta wp-block-button\">\n\t\t\t\t<a class=\"wp-block-button__link uagb-text-link\" style=\"\" href=\"https:\/\/takatoukite.com\/index.php\/2024\/10\/30\/black-rock-lake\/\" target=\"_self\" rel=\"bookmark noopener noreferrer\">Read More<\/a>\n\t\t\t<\/div>\n\t\t\t\n\t\t\t\t\t\t\t\t\t<\/article>\n\t\t\t\t\t\t\t\t\t\t\t\t\t\t\t\t<article class=\"uagb-post__inner-wrap\">\t\t\t\t\t\t\t\t<div class='uagb-post__image'>\n\t\t\t\t\t\t\t\t\t<a href=\"https:\/\/takatoukite.com\/index.php\/2024\/09\/30\/pologne\/\" target=\"_self\" rel=\"bookmark noopener noreferrer\"><img loading=\"lazy\" decoding=\"async\" width=\"1024\" height=\"576\" src=\"https:\/\/takatoukite.com\/wp-content\/uploads\/2024\/12\/IMG_0592-1024x576.jpg\" class=\"attachment-large size-large\" alt=\"\" srcset=\"https:\/\/takatoukite.com\/wp-content\/uploads\/2024\/12\/IMG_0592-1024x576.jpg 1024w, https:\/\/takatoukite.com\/wp-content\/uploads\/2024\/12\/IMG_0592-300x169.jpg 300w, https:\/\/takatoukite.com\/wp-content\/uploads\/2024\/12\/IMG_0592-768x432.jpg 768w, https:\/\/takatoukite.com\/wp-content\/uploads\/2024\/12\/IMG_0592-1536x864.jpg 1536w, https:\/\/takatoukite.com\/wp-content\/uploads\/2024\/12\/IMG_0592-2048x1152.jpg 2048w, https:\/\/takatoukite.com\/wp-content\/uploads\/2024\/12\/IMG_0592-800x450.jpg 800w\" sizes=\"auto, (max-width: 1024px) 100vw, 1024px\" \/>\t\t\t\t\t<\/a>\n\t\t\t\t\t\t\t\t\t<\/div>\n\t\t\t\t\t\t<h4 class=\"uagb-post__title uagb-post__text\">\n\t\t\t\t<a href=\"https:\/\/takatoukite.com\/index.php\/2024\/09\/30\/pologne\/\" target=\"_self\" rel=\"bookmark noopener noreferrer\">POLOGNE<\/a>\n\t\t\t<\/h4>\n\t\t\t\t\t\t<div class='uagb-post__text uagb-post-grid-byline'>\n\t\t\t\t\t\t\t\t<time datetime=\"2024-09-30T11:36:00+02:00\" class=\"uagb-post__date\">\n\t\t\t\t<span class=\"dashicons-calendar dashicons\"><\/span>\t\t\t\t\t30 September 2024\t\t\t\t<\/time>\n\t\t\t\t\t\t<\/div>\n\t\t\t\t\t\t\t<div class='uagb-post__text uagb-post__excerpt'>\n\t\t\t\t\t<p>LA GREEN VELO SZLAK Nous nous \u00e9lan\u00e7ons sur une longue portion de la Green Velo&#8230;\t\t\t\t<\/div>\n\t\t\t\t\t\t<div class=\"uagb-post__text uagb-post__cta wp-block-button\">\n\t\t\t\t<a class=\"wp-block-button__link uagb-text-link\" style=\"\" href=\"https:\/\/takatoukite.com\/index.php\/2024\/09\/30\/pologne\/\" target=\"_self\" rel=\"bookmark noopener noreferrer\">Read More<\/a>\n\t\t\t<\/div>\n\t\t\t\n\t\t\t\t\t\t\t\t\t<\/article>\n\t\t\t\t\t\t\t\t\t\t\t\t\t\t\t\t<article class=\"uagb-post__inner-wrap\">\t\t\t\t\t\t\t\t<div class='uagb-post__image'>\n\t\t\t\t\t\t\t\t\t<a href=\"https:\/\/takatoukite.com\/index.php\/2024\/08\/30\/pays-baltes\/\" target=\"_self\" rel=\"bookmark noopener noreferrer\"><img loading=\"lazy\" decoding=\"async\" width=\"1024\" height=\"576\" src=\"https:\/\/takatoukite.com\/wp-content\/uploads\/2025\/01\/PETIT-NORD20-1024x576.jpg\" class=\"attachment-large size-large\" alt=\"\" srcset=\"https:\/\/takatoukite.com\/wp-content\/uploads\/2025\/01\/PETIT-NORD20-1024x576.jpg 1024w, https:\/\/takatoukite.com\/wp-content\/uploads\/2025\/01\/PETIT-NORD20-300x169.jpg 300w, https:\/\/takatoukite.com\/wp-content\/uploads\/2025\/01\/PETIT-NORD20-768x432.jpg 768w, https:\/\/takatoukite.com\/wp-content\/uploads\/2025\/01\/PETIT-NORD20-1536x864.jpg 1536w, https:\/\/takatoukite.com\/wp-content\/uploads\/2025\/01\/PETIT-NORD20-800x450.jpg 800w, https:\/\/takatoukite.com\/wp-content\/uploads\/2025\/01\/PETIT-NORD20.jpg 1920w\" sizes=\"auto, (max-width: 1024px) 100vw, 1024px\" \/>\t\t\t\t\t<\/a>\n\t\t\t\t\t\t\t\t\t<\/div>\n\t\t\t\t\t\t<h4 class=\"uagb-post__title uagb-post__text\">\n\t\t\t\t<a href=\"https:\/\/takatoukite.com\/index.php\/2024\/08\/30\/pays-baltes\/\" target=\"_self\" rel=\"bookmark noopener noreferrer\">LES PAYS BALTES<\/a>\n\t\t\t<\/h4>\n\t\t\t\t\t\t<div class='uagb-post__text uagb-post-grid-byline'>\n\t\t\t\t\t\t\t\t<time datetime=\"2024-08-30T15:50:00+02:00\" class=\"uagb-post__date\">\n\t\t\t\t<span class=\"dashicons-calendar dashicons\"><\/span>\t\t\t\t\t30 August 2024\t\t\t\t<\/time>\n\t\t\t\t\t\t<\/div>\n\t\t\t\t\t\t\t<div class='uagb-post__text uagb-post__excerpt'>\n\t\t\t\t\t<p>ESTONIE Nous avons long\u00e9 une derni\u00e8re fois la mer Baltique au Nord avant d&#8217;entamer notre&#8230;\t\t\t\t<\/div>\n\t\t\t\t\t\t<div class=\"uagb-post__text uagb-post__cta wp-block-button\">\n\t\t\t\t<a class=\"wp-block-button__link uagb-text-link\" style=\"\" href=\"https:\/\/takatoukite.com\/index.php\/2024\/08\/30\/pays-baltes\/\" target=\"_self\" rel=\"bookmark noopener noreferrer\">Read More<\/a>\n\t\t\t<\/div>\n\t\t\t\n\t\t\t\t\t\t\t\t\t<\/article>\n\t\t\t\t\t\t\t\t\t\t\t<\/div>\n\t\t\t<\/div><\/div>\n<\/div><\/div>\n","protected":false},"excerpt":{"rendered":"<p>Derniers articles publi\u00e9s<\/p>\n","protected":false},"author":1,"featured_media":0,"parent":0,"menu_order":0,"comment_status":"closed","ping_status":"closed","template":"","meta":{"_uag_custom_page_level_css":"","_monsterinsights_skip_tracking":false,"_monsterinsights_sitenote_active":false,"_monsterinsights_sitenote_note":"","_monsterinsights_sitenote_category":0,"ocean_post_layout":"","ocean_both_sidebars_style":"","ocean_both_sidebars_content_width":0,"ocean_both_sidebars_sidebars_width":0,"ocean_sidebar":"","ocean_second_sidebar":"","ocean_disable_margins":"enable","ocean_add_body_class":"","ocean_shortcode_before_top_bar":"","ocean_shortcode_after_top_bar":"","ocean_shortcode_before_header":"","ocean_shortcode_after_header":"","ocean_has_shortcode":"","ocean_shortcode_after_title":"","ocean_shortcode_before_footer_widgets":"","ocean_shortcode_after_footer_widgets":"","ocean_shortcode_before_footer_bottom":"","ocean_shortcode_after_footer_bottom":"","ocean_display_top_bar":"default","ocean_display_header":"default","ocean_header_style":"","ocean_center_header_left_menu":"","ocean_custom_header_template":"","ocean_custom_logo":0,"ocean_custom_retina_logo":0,"ocean_custom_logo_max_width":0,"ocean_custom_logo_tablet_max_width":0,"ocean_custom_logo_mobile_max_width":0,"ocean_custom_logo_max_height":0,"ocean_custom_logo_tablet_max_height":0,"ocean_custom_logo_mobile_max_height":0,"ocean_header_custom_menu":"","ocean_menu_typo_font_family":"","ocean_menu_typo_font_subset":"","ocean_menu_typo_font_size":0,"ocean_menu_typo_font_size_tablet":0,"ocean_menu_typo_font_size_mobile":0,"ocean_menu_typo_font_size_unit":"px","ocean_menu_typo_font_weight":"","ocean_menu_typo_font_weight_tablet":"","ocean_menu_typo_font_weight_mobile":"","ocean_menu_typo_transform":"","ocean_menu_typo_transform_tablet":"","ocean_menu_typo_transform_mobile":"","ocean_menu_typo_line_height":0,"ocean_menu_typo_line_height_tablet":0,"ocean_menu_typo_line_height_mobile":0,"ocean_menu_typo_line_height_unit":"","ocean_menu_typo_spacing":0,"ocean_menu_typo_spacing_tablet":0,"ocean_menu_typo_spacing_mobile":0,"ocean_menu_typo_spacing_unit":"","ocean_menu_link_color":"","ocean_menu_link_color_hover":"","ocean_menu_link_color_active":"","ocean_menu_link_background":"","ocean_menu_link_hover_background":"","ocean_menu_link_active_background":"","ocean_menu_social_links_bg":"","ocean_menu_social_hover_links_bg":"","ocean_menu_social_links_color":"","ocean_menu_social_hover_links_color":"","ocean_disable_title":"default","ocean_disable_heading":"default","ocean_post_title":"","ocean_post_subheading":"","ocean_post_title_style":"","ocean_post_title_background_color":"","ocean_post_title_background":0,"ocean_post_title_bg_image_position":"","ocean_post_title_bg_image_attachment":"","ocean_post_title_bg_image_repeat":"","ocean_post_title_bg_image_size":"","ocean_post_title_height":0,"ocean_post_title_bg_overlay":0.5,"ocean_post_title_bg_overlay_color":"","ocean_disable_breadcrumbs":"default","ocean_breadcrumbs_color":"","ocean_breadcrumbs_separator_color":"","ocean_breadcrumbs_links_color":"","ocean_breadcrumbs_links_hover_color":"","ocean_display_footer_widgets":"default","ocean_display_footer_bottom":"default","ocean_custom_footer_template":"","footnotes":""},"class_list":["post-458","page","type-page","status-publish","hentry","entry"],"uagb_featured_image_src":{"full":false,"thumbnail":false,"medium":false,"medium_large":false,"large":false,"1536x1536":false,"2048x2048":false,"ocean-thumb-m":false,"ocean-thumb-ml":false,"ocean-thumb-l":false,"detail":false},"uagb_author_info":{"display_name":"Taka","author_link":"https:\/\/takatoukite.com\/index.php\/author\/admin4500\/"},"uagb_comment_info":0,"uagb_excerpt":"Derniers articles publi\u00e9s","_links":{"self":[{"href":"https:\/\/takatoukite.com\/index.php\/wp-json\/wp\/v2\/pages\/458","targetHints":{"allow":["GET"]}}],"collection":[{"href":"https:\/\/takatoukite.com\/index.php\/wp-json\/wp\/v2\/pages"}],"about":[{"href":"https:\/\/takatoukite.com\/index.php\/wp-json\/wp\/v2\/types\/page"}],"author":[{"embeddable":true,"href":"https:\/\/takatoukite.com\/index.php\/wp-json\/wp\/v2\/users\/1"}],"replies":[{"embeddable":true,"href":"https:\/\/takatoukite.com\/index.php\/wp-json\/wp\/v2\/comments?post=458"}],"version-history":[{"count":71,"href":"https:\/\/takatoukite.com\/index.php\/wp-json\/wp\/v2\/pages\/458\/revisions"}],"predecessor-version":[{"id":2056,"href":"https:\/\/takatoukite.com\/index.php\/wp-json\/wp\/v2\/pages\/458\/revisions\/2056"}],"wp:attachment":[{"href":"https:\/\/takatoukite.com\/index.php\/wp-json\/wp\/v2\/media?parent=458"}],"curies":[{"name":"wp","href":"https:\/\/api.w.org\/{rel}","templated":true}]}}