{"id":2022,"date":"2024-12-30T11:39:46","date_gmt":"2024-12-30T10:39:46","guid":{"rendered":"https:\/\/takatoukite.com\/?page_id=2022"},"modified":"2025-01-09T17:38:51","modified_gmt":"2025-01-09T16:38:51","slug":"a-propos","status":"publish","type":"page","link":"https:\/\/takatoukite.com\/index.php\/a-propos\/","title":{"rendered":"\u00c0 Propos"},"content":{"rendered":"\n<p class=\"has-text-align-center has-text-color has-link-color wp-elements-e925796b419c5f22c0ecffb5507ec7be\" style=\"color:#008796;font-size:30px\"><strong>QUI SE CACHE DERRI\u00c8RE TAKATOUKIT\u00c9 ?<\/strong><\/p>\n\n\n\n<div class=\"wp-block-uagb-container uagb-block-81372775 alignfull uagb-is-root-container\"><div class=\"uagb-container-inner-blocks-wrap\">\n<div class=\"wp-block-uagb-image uagb-block-f6423a12 wp-block-uagb-image--layout-default wp-block-uagb-image--effect-static wp-block-uagb-image--align-none\"><figure class=\"wp-block-uagb-image__figure\"><img decoding=\"async\" srcset=\"https:\/\/takatoukite.com\/wp-content\/uploads\/2025\/01\/PETIT-NORD23-1024x576.jpg ,https:\/\/takatoukite.com\/wp-content\/uploads\/2025\/01\/PETIT-NORD23.jpg 780w, https:\/\/takatoukite.com\/wp-content\/uploads\/2025\/01\/PETIT-NORD23.jpg 360w\" sizes=\"auto, (max-width: 480px) 150px\" src=\"https:\/\/takatoukite.com\/wp-content\/uploads\/2025\/01\/PETIT-NORD23-1024x576.jpg\" alt=\"\" class=\"uag-image-2259\" width=\"1440\" height=\"1440\" title=\"PETIT NORD(23)\" loading=\"lazy\" role=\"img\"\/><\/figure><\/div>\n<\/div><\/div>\n\n\n\n<p><\/p>\n\n\n\n<p>Nous sommes 2 activistes climats qui avant de devenir partenaires d&#8217;aventures \u00e9taient camarades de luttes. Nous souhaitions, en accord avec nos convictions, parcourir le monde et tenter de l\u2019habiter autrement. Partir sur les routes du monde en privil\u00e9giant les modes de transports non polluants (en train, \u00e0 pied, \u00e0 v\u00e9lo) afin de laisser sur notre plan\u00e8te l\u2019empreinte la plus petite possible.<\/p>\n\n\n\n<p><strong>Ce site est n\u00e9 de notre volont\u00e9 de conter nos aventures, de partager nos itin\u00e9raires et nos astuces avec simplicit\u00e9 pour inspirer, encourager les lecteurs \u00e0 vivre plus aventureusement et s\u2019engager \u00e0 prendre soin du vivant.<\/strong><\/p>\n\n\n\n<p><\/p>\n\n\n\n<div class=\"wp-block-uagb-container uagb-block-d619ff42 alignfull uagb-is-root-container\"><div class=\"uagb-container-inner-blocks-wrap\">\n<div class=\"wp-block-uagb-image uagb-block-7c654f7e wp-block-uagb-image--layout-default wp-block-uagb-image--effect-static wp-block-uagb-image--align-none\"><figure class=\"wp-block-uagb-image__figure\"><img decoding=\"async\" srcset=\"https:\/\/takatoukite.com\/wp-content\/uploads\/2024\/12\/P_20230813_091103-1024x576.jpg ,https:\/\/takatoukite.com\/wp-content\/uploads\/2024\/12\/P_20230813_091103-scaled.jpg 780w, https:\/\/takatoukite.com\/wp-content\/uploads\/2024\/12\/P_20230813_091103-scaled.jpg 360w\" sizes=\"auto, (max-width: 480px) 150px\" src=\"https:\/\/takatoukite.com\/wp-content\/uploads\/2024\/12\/P_20230813_091103-1024x576.jpg\" alt=\"\" class=\"uag-image-2039\" width=\"4576\" height=\"2574\" title=\"P_20230813_091103\" loading=\"lazy\" role=\"img\"\/><\/figure><\/div>\n<\/div><\/div>\n\n\n\n<blockquote class=\"wp-block-quote is-style-default is-layout-flow wp-block-quote-is-layout-flow\">\n<p>&#8221; I set out one summer morning to seek adventure. I don\u2019t know how I summoned up the nerve to begin, but begin I did. I climbed onto my bicycle, pedaled away from my front door, and didn\u2019t stop riding for four years until I arrived back home. I cycled right the way round the world. I wasn\u2019t rich, I wasn\u2019t brave. I wasn\u2019t very fit. I just did it. I pedaled away from all that I was familiar with in England.&#8221;<br><\/p>\n<cite>Alastair Humphreys<\/cite><\/blockquote>\n\n\n\n<p><\/p>\n\n\n\n<p>Par bien des aspects, notre histoire est diff\u00e9rente, pourtant les mots d\u2019Alastair r\u00e9sonnent singuli\u00e8rement avec notre propre exp\u00e9rience. Un jour, au d\u00e9but de l\u2019\u00e9t\u00e9 2023, l\u2019id\u00e9e de rouler ensemble sur un tandem nous a s\u00e9duit. Nous n\u2019\u00e9tions jamais mont\u00e9s sur un tandem, n\u2019avions jamais voyag\u00e9 \u00e0 v\u00e9lo. Quelques jours plus tard, nous sommes tomb\u00e9s sur une annonce pour un tandem d\u2019occasion \u00e0 une centaine de km au Nord de Paris, le week-end suivant nous sommes mont\u00e9s dans un train pour aller le chercher. Nous avons grimp\u00e9 sur le tandem, avons p\u00e9dal\u00e9 depuis la porte d\u2019entr\u00e9e de ses anciens propri\u00e9taires, vacillant sur les premiers m\u00e8tres. D\u2019une certaine mani\u00e8re nous ne nous sommes jamais arr\u00eat\u00e9 de p\u00e9daler depuis ce jour.<br><br>Nous avons commenc\u00e9 petit&nbsp;: nous nous \u00e9chappions pendant de longs week-ends sur les petites routes de campagne ou le long du littoral, nous \u00e9loignant rarement de chez nous. Notre soif d\u2019aventure s\u2019amplifiant \u00e0 mesure que nous p\u00e9dalions, nous sommes partis 1 semaine en Autriche, 2&nbsp;semaines en Slov\u00e9nie. Moins d\u2019un an plus tard, nous rendions notre appartement, mettions entre parenth\u00e8ses nos activit\u00e9s pour sillonner le monde et d\u00e9couvrir ses contr\u00e9es sauvages. Le premier chapitre de cette aventure est \u00ab&nbsp;Petit Nord&nbsp;\u00bb.<\/p>\n\n\n\n<blockquote class=\"wp-block-quote is-style-default is-layout-flow wp-block-quote-is-layout-flow\">\n<p><\/p>\n<\/blockquote>\n","protected":false},"excerpt":{"rendered":"<p>QUI SE CACHE DERRI\u00c8RE TAKATOUKIT\u00c9 ? Nous sommes 2 activistes climats qui avant de devenir partenaires d&#8217;aventures \u00e9taient camarades de luttes. Nous souhaitions, en accord avec nos convictions, parcourir le monde et tenter de l\u2019habiter autrement. Partir sur les routes du monde en privil\u00e9giant les modes de transports non polluants (en train, \u00e0 pied, \u00e0 [&hellip;]<\/p>\n","protected":false},"author":1,"featured_media":0,"parent":0,"menu_order":0,"comment_status":"closed","ping_status":"closed","template":"","meta":{"_uag_custom_page_level_css":"","_monsterinsights_skip_tracking":false,"_monsterinsights_sitenote_active":false,"_monsterinsights_sitenote_note":"","_monsterinsights_sitenote_category":0,"ocean_post_layout":"","ocean_both_sidebars_style":"","ocean_both_sidebars_content_width":0,"ocean_both_sidebars_sidebars_width":0,"ocean_sidebar":"","ocean_second_sidebar":"","ocean_disable_margins":"enable","ocean_add_body_class":"","ocean_shortcode_before_top_bar":"","ocean_shortcode_after_top_bar":"","ocean_shortcode_before_header":"","ocean_shortcode_after_header":"","ocean_has_shortcode":"","ocean_shortcode_after_title":"","ocean_shortcode_before_footer_widgets":"","ocean_shortcode_after_footer_widgets":"","ocean_shortcode_before_footer_bottom":"","ocean_shortcode_after_footer_bottom":"","ocean_display_top_bar":"default","ocean_display_header":"default","ocean_header_style":"","ocean_center_header_left_menu":"","ocean_custom_header_template":"","ocean_custom_logo":0,"ocean_custom_retina_logo":0,"ocean_custom_logo_max_width":0,"ocean_custom_logo_tablet_max_width":0,"ocean_custom_logo_mobile_max_width":0,"ocean_custom_logo_max_height":0,"ocean_custom_logo_tablet_max_height":0,"ocean_custom_logo_mobile_max_height":0,"ocean_header_custom_menu":"","ocean_menu_typo_font_family":"","ocean_menu_typo_font_subset":"","ocean_menu_typo_font_size":0,"ocean_menu_typo_font_size_tablet":0,"ocean_menu_typo_font_size_mobile":0,"ocean_menu_typo_font_size_unit":"px","ocean_menu_typo_font_weight":"","ocean_menu_typo_font_weight_tablet":"","ocean_menu_typo_font_weight_mobile":"","ocean_menu_typo_transform":"","ocean_menu_typo_transform_tablet":"","ocean_menu_typo_transform_mobile":"","ocean_menu_typo_line_height":0,"ocean_menu_typo_line_height_tablet":0,"ocean_menu_typo_line_height_mobile":0,"ocean_menu_typo_line_height_unit":"","ocean_menu_typo_spacing":0,"ocean_menu_typo_spacing_tablet":0,"ocean_menu_typo_spacing_mobile":0,"ocean_menu_typo_spacing_unit":"","ocean_menu_link_color":"","ocean_menu_link_color_hover":"","ocean_menu_link_color_active":"","ocean_menu_link_background":"","ocean_menu_link_hover_background":"","ocean_menu_link_active_background":"","ocean_menu_social_links_bg":"","ocean_menu_social_hover_links_bg":"","ocean_menu_social_links_color":"","ocean_menu_social_hover_links_color":"","ocean_disable_title":"default","ocean_disable_heading":"default","ocean_post_title":"","ocean_post_subheading":"","ocean_post_title_style":"","ocean_post_title_background_color":"","ocean_post_title_background":0,"ocean_post_title_bg_image_position":"","ocean_post_title_bg_image_attachment":"","ocean_post_title_bg_image_repeat":"","ocean_post_title_bg_image_size":"","ocean_post_title_height":0,"ocean_post_title_bg_overlay":0.5,"ocean_post_title_bg_overlay_color":"","ocean_disable_breadcrumbs":"default","ocean_breadcrumbs_color":"","ocean_breadcrumbs_separator_color":"","ocean_breadcrumbs_links_color":"","ocean_breadcrumbs_links_hover_color":"","ocean_display_footer_widgets":"default","ocean_display_footer_bottom":"default","ocean_custom_footer_template":"","footnotes":""},"class_list":["post-2022","page","type-page","status-publish","hentry","entry"],"uagb_featured_image_src":{"full":false,"thumbnail":false,"medium":false,"medium_large":false,"large":false,"1536x1536":false,"2048x2048":false,"ocean-thumb-m":false,"ocean-thumb-ml":false,"ocean-thumb-l":false,"detail":false},"uagb_author_info":{"display_name":"Taka","author_link":"https:\/\/takatoukite.com\/index.php\/author\/admin4500\/"},"uagb_comment_info":0,"uagb_excerpt":"QUI SE CACHE DERRI\u00c8RE TAKATOUKIT\u00c9 ? Nous sommes 2 activistes climats qui avant de devenir partenaires d&#8217;aventures \u00e9taient camarades de luttes. Nous souhaitions, en accord avec nos convictions, parcourir le monde et tenter de l\u2019habiter autrement. Partir sur les routes du monde en privil\u00e9giant les modes de transports non polluants (en train, \u00e0 pied, \u00e0&hellip;","_links":{"self":[{"href":"https:\/\/takatoukite.com\/index.php\/wp-json\/wp\/v2\/pages\/2022","targetHints":{"allow":["GET"]}}],"collection":[{"href":"https:\/\/takatoukite.com\/index.php\/wp-json\/wp\/v2\/pages"}],"about":[{"href":"https:\/\/takatoukite.com\/index.php\/wp-json\/wp\/v2\/types\/page"}],"author":[{"embeddable":true,"href":"https:\/\/takatoukite.com\/index.php\/wp-json\/wp\/v2\/users\/1"}],"replies":[{"embeddable":true,"href":"https:\/\/takatoukite.com\/index.php\/wp-json\/wp\/v2\/comments?post=2022"}],"version-history":[{"count":20,"href":"https:\/\/takatoukite.com\/index.php\/wp-json\/wp\/v2\/pages\/2022\/revisions"}],"predecessor-version":[{"id":2264,"href":"https:\/\/takatoukite.com\/index.php\/wp-json\/wp\/v2\/pages\/2022\/revisions\/2264"}],"wp:attachment":[{"href":"https:\/\/takatoukite.com\/index.php\/wp-json\/wp\/v2\/media?parent=2022"}],"curies":[{"name":"wp","href":"https:\/\/api.w.org\/{rel}","templated":true}]}}