{"id":1215,"date":"2024-12-12T10:16:18","date_gmt":"2024-12-12T09:16:18","guid":{"rendered":"https:\/\/takatoukite.com\/?page_id=1215"},"modified":"2025-01-08T18:48:05","modified_gmt":"2025-01-08T17:48:05","slug":"petit-nord","status":"publish","type":"page","link":"https:\/\/takatoukite.com\/index.php\/petit-nord\/","title":{"rendered":"Petit Nord"},"content":{"rendered":"\n<div class=\"wp-block-uagb-image uagb-block-6e41e6af wp-block-uagb-image--layout-default wp-block-uagb-image--effect-static wp-block-uagb-image--align-none\"><figure class=\"wp-block-uagb-image__figure\"><img decoding=\"async\" srcset=\"https:\/\/takatoukite.com\/wp-content\/uploads\/2024\/12\/PETIT-NORD-1024x576.jpg ,https:\/\/takatoukite.com\/wp-content\/uploads\/2024\/12\/PETIT-NORD.jpg 780w, https:\/\/takatoukite.com\/wp-content\/uploads\/2024\/12\/PETIT-NORD.jpg 360w\" sizes=\"auto, (max-width: 480px) 150px\" src=\"https:\/\/takatoukite.com\/wp-content\/uploads\/2024\/12\/PETIT-NORD-1024x576.jpg\" alt=\"\" class=\"uag-image-1229\" width=\"840\" height=\"472\" title=\"PETIT NORD\" loading=\"lazy\" role=\"img\"\/><\/figure><\/div>\n\n\n\n<div class=\"wp-block-uagb-container uagb-block-acdc007f alignfull uagb-is-root-container\"><div class=\"uagb-container-inner-blocks-wrap\">\n<div class=\"wp-block-uagb-container uagb-block-179ea23c\">\n<div class=\"wp-block-uagb-image uagb-block-c9661d69 wp-block-uagb-image--layout-default wp-block-uagb-image--effect-static wp-block-uagb-image--align-none\"><figure class=\"wp-block-uagb-image__figure\"><\/figure><\/div>\n<\/div>\n<\/div><\/div>\n\n\n\n<p class=\"has-text-align-center uag-hide-tab uag-hide-mob\" style=\"font-size:22px\">\u00c0 travers les contr\u00e9es sauvages qui bordent la mer Baltique et au-del\u00e0.<br><br>Distance parcourue : <strong>7123 Km <\/strong><br><br>Nombre de pays travers\u00e9s : <strong>10 <\/strong><br><br>Cha\u00eene cass\u00e9e : <strong>6<\/strong><br><br>Roue Cass\u00e9e : <strong>2<\/strong><br><br>Crevaison : <strong>1<\/strong><br><\/p>\n\n\n\n<p class=\"has-text-align-center uag-hide-desktop\"><strong>\u00c0 travers les contr\u00e9es sauvages qui bordent la mer Baltique et au-del\u00e0.<br><\/strong><br>Distance parcourue : <strong>7123 Km <\/strong><br><br>Nombre de pays travers\u00e9s : <strong>10 <\/strong><br><br>Cha\u00eene cass\u00e9e : <strong>6<\/strong><br><br>Roue Cass\u00e9e : <strong>2<\/strong><br><br>Crevaison : <strong>1<\/strong><\/p>\n\n\n\n<div class=\"wp-block-group\"><div class=\"wp-block-group__inner-container is-layout-constrained wp-block-group-is-layout-constrained\">\n<p class=\"has-text-align-center has-white-background-color has-background\"><\/p>\n\n\n\n<p class=\"has-text-align-center uag-hide-tab uag-hide-mob\" style=\"font-size:28px\"><strong>ARTICLES SUR LE PETIT NORD <\/strong><\/p>\n<\/div><\/div>\n\n\n\n<div class=\"wp-block-uagb-slider uag-hide-tab uag-hide-mob uagb-block-d0a660af uagb-slider-container\"><div class=\"uagb-slides uagb-swiper\"><div class=\"swiper-wrapper\">\n<div class=\"wp-block-uagb-slider-child uagb-slider-child-wrap swiper-slide uagb-block-de08ab2a\"><div class=\"swiper-content\">\n<div class=\"wp-block-uagb-container uagb-block-5602821b alignfull uagb-is-root-container\"><div class=\"uagb-container-inner-blocks-wrap\">\n<div class=\"wp-block-uagb-image aligncenter uagb-block-6e772afe wp-block-uagb-image--layout-overlay wp-block-uagb-image--effect-static wp-block-uagb-image--align-center uag-hide-tab uag-hide-mob\"><figure class=\"wp-block-uagb-image__figure\"><a class=\"\" href=\"https:\/\/takatoukite.com\/index.php\/2024\/06\/24\/danemark\/\" target=\"\" rel=\"noopener\"><img decoding=\"async\" srcset=\"https:\/\/takatoukite.com\/wp-content\/uploads\/2024\/12\/P1170345_modifie-edited-1024x576.jpg ,https:\/\/takatoukite.com\/wp-content\/uploads\/2024\/12\/P1170345_modifie-edited-scaled.jpg 780w, https:\/\/takatoukite.com\/wp-content\/uploads\/2024\/12\/P1170345_modifie-edited-1024x576.jpg 360w\" sizes=\"auto, (max-width: 480px) 150px\" src=\"https:\/\/takatoukite.com\/wp-content\/uploads\/2024\/12\/P1170345_modifie-edited-1024x576.jpg\" alt=\"\" class=\"uag-image-1452\" width=\"1024\" height=\"576\" title=\"P1170345_modifi\u00e9\" loading=\"lazy\" role=\"img\"\/><\/a><div class=\"wp-block-uagb-image--layout-overlay__color-wrapper\"><\/div><div class=\"wp-block-uagb-image--layout-overlay__inner center-center\"><a class=\"wp-block-uagb-image--layout-overlay-link \" href=\"https:\/\/takatoukite.com\/index.php\/2024\/06\/24\/danemark\/\" target=\"\" rel=\"noopener\"><\/a><h2 class=\"uagb-image-heading\">Danemark<\/h2><figcaption class=\"uagb-image-caption\">Juin 2024<\/figcaption><\/div><\/figure><\/div>\n<\/div><\/div>\n<\/div><\/div>\n\n\n\n<div class=\"wp-block-uagb-slider-child uagb-slider-child-wrap swiper-slide uagb-block-5f9adcf6\"><div class=\"swiper-content\">\n<div class=\"wp-block-uagb-container uagb-block-948da681 alignfull uagb-is-root-container\"><div class=\"uagb-container-inner-blocks-wrap\">\n<div class=\"wp-block-uagb-image aligncenter uagb-block-59e99caa wp-block-uagb-image--layout-overlay wp-block-uagb-image--effect-static wp-block-uagb-image--align-center uag-hide-tab uag-hide-mob\"><figure class=\"wp-block-uagb-image__figure\"><a class=\"\" href=\"https:\/\/takatoukite.com\/index.php\/2024\/07\/05\/la-cote-ouest-suedoise\/\" target=\"\" rel=\"noopener\"><img decoding=\"async\" srcset=\"https:\/\/takatoukite.com\/wp-content\/uploads\/2024\/12\/IMG_05472-scaled.jpg ,https:\/\/takatoukite.com\/wp-content\/uploads\/2024\/12\/IMG_05472-scaled.jpg 780w, https:\/\/takatoukite.com\/wp-content\/uploads\/2024\/12\/IMG_05472-scaled.jpg 360w\" sizes=\"auto, (max-width: 480px) 150px\" src=\"https:\/\/takatoukite.com\/wp-content\/uploads\/2024\/12\/IMG_05472-scaled.jpg\" alt=\"\" class=\"uag-image-1826\" width=\"969\" height=\"576\" title=\"IMG_0547(2)\" loading=\"lazy\" role=\"img\"\/><\/a><div class=\"wp-block-uagb-image--layout-overlay__color-wrapper\"><\/div><div class=\"wp-block-uagb-image--layout-overlay__inner center-center\"><a class=\"wp-block-uagb-image--layout-overlay-link \" href=\"https:\/\/takatoukite.com\/index.php\/2024\/07\/05\/la-cote-ouest-suedoise\/\" target=\"\" rel=\"noopener\"><\/a><h2 class=\"uagb-image-heading\">SU\u00c8DE<\/h2><figcaption class=\"uagb-image-caption\">Juin 2024<\/figcaption><\/div><\/figure><\/div>\n<\/div><\/div>\n<\/div><\/div>\n\n\n\n<div class=\"wp-block-uagb-slider-child uagb-slider-child-wrap swiper-slide uagb-block-d4069c95\"><div class=\"swiper-content\">\n<div class=\"wp-block-uagb-container uagb-block-4df1a73c alignfull uagb-is-root-container\"><div class=\"uagb-container-inner-blocks-wrap\">\n<div class=\"wp-block-uagb-image aligncenter uagb-block-43d28821 wp-block-uagb-image--layout-overlay wp-block-uagb-image--effect-static wp-block-uagb-image--align-center uag-hide-tab uag-hide-mob\"><figure class=\"wp-block-uagb-image__figure\"><a class=\"\" href=\"https:\/\/takatoukite.com\/index.php\/2024\/07\/29\/norvege\/\" target=\"\" rel=\"noopener\"><img decoding=\"async\" srcset=\"https:\/\/takatoukite.com\/wp-content\/uploads\/2024\/12\/PETIT-NORD8-1024x576.jpg ,https:\/\/takatoukite.com\/wp-content\/uploads\/2024\/12\/PETIT-NORD8.jpg 780w, https:\/\/takatoukite.com\/wp-content\/uploads\/2024\/12\/PETIT-NORD8-1024x576.jpg 360w\" sizes=\"auto, (max-width: 480px) 150px\" src=\"https:\/\/takatoukite.com\/wp-content\/uploads\/2024\/12\/PETIT-NORD8-1024x576.jpg\" alt=\"\" class=\"uag-image-1521\" width=\"1024\" height=\"576\" title=\"PETIT NORD(8)\" loading=\"lazy\" role=\"img\"\/><\/a><div class=\"wp-block-uagb-image--layout-overlay__color-wrapper\"><\/div><div class=\"wp-block-uagb-image--layout-overlay__inner center-center\"><a class=\"wp-block-uagb-image--layout-overlay-link \" href=\"https:\/\/takatoukite.com\/index.php\/2024\/07\/29\/norvege\/\" target=\"\" rel=\"noopener\"><\/a><h2 class=\"uagb-image-heading\">NORV\u00c8GE<\/h2><figcaption class=\"uagb-image-caption\">Juillet 2024<\/figcaption><\/div><\/figure><\/div>\n<\/div><\/div>\n<\/div><\/div>\n\n\n\n<div class=\"wp-block-uagb-slider-child uagb-slider-child-wrap swiper-slide uagb-block-459de8e1\"><div class=\"swiper-content\">\n<div class=\"wp-block-uagb-container uagb-block-eff37a80 alignfull uagb-is-root-container\"><div class=\"uagb-container-inner-blocks-wrap\">\n<div class=\"wp-block-uagb-image aligncenter uagb-block-259c4ad4 wp-block-uagb-image--layout-overlay wp-block-uagb-image--effect-static wp-block-uagb-image--align-center uag-hide-tab uag-hide-mob\"><figure class=\"wp-block-uagb-image__figure\"><a class=\"\" href=\"https:\/\/takatoukite.com\/index.php\/2024\/08\/30\/pays-baltes\/\" target=\"\" rel=\"noopener\"><img decoding=\"async\" srcset=\"https:\/\/takatoukite.com\/wp-content\/uploads\/2025\/01\/IMG_0577-1024x576.jpg ,https:\/\/takatoukite.com\/wp-content\/uploads\/2025\/01\/IMG_0577-scaled.jpg 780w, https:\/\/takatoukite.com\/wp-content\/uploads\/2025\/01\/IMG_0577-scaled.jpg 360w\" sizes=\"auto, (max-width: 480px) 150px\" src=\"https:\/\/takatoukite.com\/wp-content\/uploads\/2025\/01\/IMG_0577-1024x576.jpg\" alt=\"\" class=\"uag-image-2137\" width=\"758\" height=\"423\" title=\"IMG_0577\" loading=\"lazy\" role=\"img\"\/><\/a><div class=\"wp-block-uagb-image--layout-overlay__color-wrapper\"><\/div><div class=\"wp-block-uagb-image--layout-overlay__inner center-center\"><a class=\"wp-block-uagb-image--layout-overlay-link \" href=\"https:\/\/takatoukite.com\/index.php\/2024\/08\/30\/pays-baltes\/\" target=\"\" rel=\"noopener\"><\/a><h2 class=\"uagb-image-heading\">PAYS BALTES<\/h2><figcaption class=\"uagb-image-caption\">Ao\u00fbt 2024<\/figcaption><\/div><\/figure><\/div>\n<\/div><\/div>\n<\/div><\/div>\n\n\n\n<div class=\"wp-block-uagb-slider-child uagb-slider-child-wrap swiper-slide uagb-block-225229db\"><div class=\"swiper-content\">\n<div class=\"wp-block-uagb-container uagb-block-f2fefc2a alignfull uagb-is-root-container\"><div class=\"uagb-container-inner-blocks-wrap\">\n<div class=\"wp-block-uagb-image aligncenter uagb-block-e6b7870d wp-block-uagb-image--layout-overlay wp-block-uagb-image--effect-static wp-block-uagb-image--align-center uag-hide-tab uag-hide-mob\"><figure class=\"wp-block-uagb-image__figure\"><a class=\"\" href=\"https:\/\/takatoukite.com\/index.php\/2024\/09\/30\/pologne\/\" target=\"\" rel=\"noopener\"><img decoding=\"async\" srcset=\"https:\/\/takatoukite.com\/wp-content\/uploads\/2024\/12\/IMG_0592-1024x576.jpg ,https:\/\/takatoukite.com\/wp-content\/uploads\/2024\/12\/IMG_0592-scaled.jpg 780w, https:\/\/takatoukite.com\/wp-content\/uploads\/2024\/12\/IMG_0592-1024x576.jpg 360w\" sizes=\"auto, (max-width: 480px) 150px\" src=\"https:\/\/takatoukite.com\/wp-content\/uploads\/2024\/12\/IMG_0592-1024x576.jpg\" alt=\"\" class=\"uag-image-1765\" width=\"815\" height=\"305\" title=\"IMG_0592\" loading=\"lazy\" role=\"img\"\/><\/a><div class=\"wp-block-uagb-image--layout-overlay__color-wrapper\"><\/div><div class=\"wp-block-uagb-image--layout-overlay__inner center-center\"><a class=\"wp-block-uagb-image--layout-overlay-link \" href=\"https:\/\/takatoukite.com\/index.php\/2024\/09\/30\/pologne\/\" target=\"\" rel=\"noopener\"><\/a><h2 class=\"uagb-image-heading\">POLOGNE<\/h2><figcaption class=\"uagb-image-caption\">Septembre 2024<\/figcaption><\/div><\/figure><\/div>\n<\/div><\/div>\n<\/div><\/div>\n<\/div><\/div><div class=\"swiper-pagination\"><\/div><div class=\"swiper-button-prev\"><\/div><div class=\"swiper-button-next\"><\/div><\/div>\n\n\n\n<p class=\"has-text-align-center uag-hide-desktop\" style=\"font-size:23px\"><strong>ARTICLES SUR LE PETIT NORD <\/strong><\/p>\n\n\n\n<div class=\"wp-block-uagb-container uagb-block-ca0aca91 alignfull uagb-is-root-container\"><div class=\"uagb-container-inner-blocks-wrap\">\n<div class=\"wp-block-uagb-image uagb-block-1dc2178f wp-block-uagb-image--layout-overlay wp-block-uagb-image--effect-static wp-block-uagb-image--align-none uag-hide-desktop\"><figure class=\"wp-block-uagb-image__figure\"><a class=\"\" href=\"https:\/\/takatoukite.com\/index.php\/2024\/06\/24\/danemark\/\" target=\"\" rel=\"noopener\"><img decoding=\"async\" srcset=\"https:\/\/takatoukite.com\/wp-content\/uploads\/2024\/12\/P1170345_modifie-edited-1024x576.jpg ,https:\/\/takatoukite.com\/wp-content\/uploads\/2024\/12\/P1170345_modifie-edited-scaled.jpg 780w, https:\/\/takatoukite.com\/wp-content\/uploads\/2024\/12\/P1170345_modifie-edited-scaled.jpg 360w\" sizes=\"auto, (max-width: 480px) 150px\" src=\"https:\/\/takatoukite.com\/wp-content\/uploads\/2024\/12\/P1170345_modifie-edited-1024x576.jpg\" alt=\"\" class=\"uag-image-1452\" width=\"1024\" height=\"576\" title=\"P1170345_modifi\u00e9\" loading=\"lazy\" role=\"img\"\/><\/a><div class=\"wp-block-uagb-image--layout-overlay__color-wrapper\"><\/div><div class=\"wp-block-uagb-image--layout-overlay__inner center-center\"><a class=\"wp-block-uagb-image--layout-overlay-link \" href=\"https:\/\/takatoukite.com\/index.php\/2024\/06\/24\/danemark\/\" target=\"\" rel=\"noopener\"><\/a><h2 class=\"uagb-image-heading\">DANEMARK<\/h2><figcaption class=\"uagb-image-caption\">Juin 2024<\/figcaption><\/div><\/figure><\/div>\n<\/div><\/div>\n\n\n\n<div class=\"wp-block-uagb-container uagb-block-31a4d4d3 alignfull uagb-is-root-container\"><div class=\"uagb-container-inner-blocks-wrap\">\n<div class=\"wp-block-uagb-image uagb-block-6c0dc3d1 wp-block-uagb-image--layout-overlay wp-block-uagb-image--effect-static wp-block-uagb-image--align-none uag-hide-desktop\"><figure class=\"wp-block-uagb-image__figure\"><a class=\"\" href=\"https:\/\/takatoukite.com\/index.php\/2024\/07\/05\/la-cote-ouest-suedoise\/\" target=\"\" rel=\"noopener\"><img decoding=\"async\" srcset=\"https:\/\/takatoukite.com\/wp-content\/uploads\/2024\/12\/IMG_05472-scaled.jpg ,https:\/\/takatoukite.com\/wp-content\/uploads\/2024\/12\/IMG_05472-scaled.jpg 780w, https:\/\/takatoukite.com\/wp-content\/uploads\/2024\/12\/IMG_05472-scaled.jpg 360w\" sizes=\"auto, (max-width: 480px) 150px\" src=\"https:\/\/takatoukite.com\/wp-content\/uploads\/2024\/12\/IMG_05472-scaled.jpg\" alt=\"\" class=\"uag-image-1826\" width=\"2560\" height=\"1440\" title=\"IMG_0547(2)\" loading=\"lazy\" role=\"img\"\/><\/a><div class=\"wp-block-uagb-image--layout-overlay__color-wrapper\"><\/div><div class=\"wp-block-uagb-image--layout-overlay__inner center-center\"><a class=\"wp-block-uagb-image--layout-overlay-link \" href=\"https:\/\/takatoukite.com\/index.php\/2024\/07\/05\/la-cote-ouest-suedoise\/\" target=\"\" rel=\"noopener\"><\/a><h2 class=\"uagb-image-heading\">SU\u00c8DE<\/h2><figcaption class=\"uagb-image-caption\">Juin 2024<\/figcaption><\/div><\/figure><\/div>\n<\/div><\/div>\n\n\n\n<div class=\"wp-block-uagb-container uagb-block-e2d2954c alignfull uagb-is-root-container\"><div class=\"uagb-container-inner-blocks-wrap\">\n<div class=\"wp-block-uagb-image uagb-block-e305563e wp-block-uagb-image--layout-overlay wp-block-uagb-image--effect-static wp-block-uagb-image--align-none uag-hide-desktop\"><figure class=\"wp-block-uagb-image__figure\"><a class=\"\" href=\"https:\/\/takatoukite.com\/index.php\/2024\/07\/29\/norvege\/\" target=\"\" rel=\"noopener\"><img decoding=\"async\" srcset=\"https:\/\/takatoukite.com\/wp-content\/uploads\/2024\/12\/P1180269_modifie-scaled.jpg ,https:\/\/takatoukite.com\/wp-content\/uploads\/2024\/12\/P1180269_modifie-scaled.jpg 780w, https:\/\/takatoukite.com\/wp-content\/uploads\/2024\/12\/P1180269_modifie-scaled.jpg 360w\" sizes=\"auto, (max-width: 480px) 150px\" src=\"https:\/\/takatoukite.com\/wp-content\/uploads\/2024\/12\/P1180269_modifie-scaled.jpg\" alt=\"\" class=\"uag-image-1119\" width=\"1024\" height=\"576\" title=\"\u00eele Runde, juillet 2024\" loading=\"lazy\" role=\"img\"\/><\/a><div class=\"wp-block-uagb-image--layout-overlay__color-wrapper\"><\/div><div class=\"wp-block-uagb-image--layout-overlay__inner center-center\"><a class=\"wp-block-uagb-image--layout-overlay-link \" href=\"https:\/\/takatoukite.com\/index.php\/2024\/07\/29\/norvege\/\" target=\"\" rel=\"noopener\"><\/a><h2 class=\"uagb-image-heading\">NORV\u00c8GE<\/h2><figcaption class=\"uagb-image-caption\">Juillet 2024<\/figcaption><\/div><\/figure><\/div>\n<\/div><\/div>\n\n\n\n<div class=\"wp-block-uagb-container uag-hide-desktop uagb-block-f37120f3 alignfull uagb-is-root-container\"><div class=\"uagb-container-inner-blocks-wrap\">\n<div class=\"wp-block-uagb-image uagb-block-f47f26b9 wp-block-uagb-image--layout-overlay wp-block-uagb-image--effect-static wp-block-uagb-image--align-none uag-hide-desktop\"><figure class=\"wp-block-uagb-image__figure\"><a class=\"\" href=\"https:\/\/takatoukite.com\/index.php\/2024\/08\/30\/pays-baltes\/\" target=\"\" rel=\"noopener\"><img decoding=\"async\" srcset=\"https:\/\/takatoukite.com\/wp-content\/uploads\/2025\/01\/IMG_0577-1024x576.jpg ,https:\/\/takatoukite.com\/wp-content\/uploads\/2025\/01\/IMG_0577-scaled.jpg 780w, https:\/\/takatoukite.com\/wp-content\/uploads\/2025\/01\/IMG_0577-scaled.jpg 360w\" sizes=\"auto, (max-width: 480px) 150px\" src=\"https:\/\/takatoukite.com\/wp-content\/uploads\/2025\/01\/IMG_0577-1024x576.jpg\" alt=\"\" class=\"uag-image-2137\" width=\"1024\" height=\"576\" title=\"IMG_0577\" loading=\"lazy\" role=\"img\"\/><\/a><div class=\"wp-block-uagb-image--layout-overlay__color-wrapper\"><\/div><div class=\"wp-block-uagb-image--layout-overlay__inner center-center\"><a class=\"wp-block-uagb-image--layout-overlay-link \" href=\"https:\/\/takatoukite.com\/index.php\/2024\/08\/30\/pays-baltes\/\" target=\"\" rel=\"noopener\"><\/a><h2 class=\"uagb-image-heading\">PAYS BALTES<\/h2><figcaption class=\"uagb-image-caption\">Ao\u00fbt 2024<\/figcaption><\/div><\/figure><\/div>\n<\/div><\/div>\n\n\n\n<div class=\"wp-block-uagb-container uagb-block-0448a34f alignfull uagb-is-root-container\"><div class=\"uagb-container-inner-blocks-wrap\">\n<div class=\"wp-block-uagb-image uagb-block-66efdc86 wp-block-uagb-image--layout-overlay wp-block-uagb-image--effect-static wp-block-uagb-image--align-none uag-hide-desktop\"><figure class=\"wp-block-uagb-image__figure\"><a class=\"\" href=\"https:\/\/takatoukite.com\/index.php\/2024\/09\/30\/pologne\/\" target=\"\" rel=\"noopener\"><img decoding=\"async\" srcset=\"https:\/\/takatoukite.com\/wp-content\/uploads\/2024\/12\/IMG_0592-1024x576.jpg ,https:\/\/takatoukite.com\/wp-content\/uploads\/2024\/12\/IMG_0592-scaled.jpg 780w, https:\/\/takatoukite.com\/wp-content\/uploads\/2024\/12\/IMG_0592-scaled.jpg 360w\" sizes=\"auto, (max-width: 480px) 150px\" src=\"https:\/\/takatoukite.com\/wp-content\/uploads\/2024\/12\/IMG_0592-1024x576.jpg\" alt=\"\" class=\"uag-image-1765\" width=\"1024\" height=\"576\" title=\"IMG_0592\" loading=\"lazy\" role=\"img\"\/><\/a><div class=\"wp-block-uagb-image--layout-overlay__color-wrapper\"><\/div><div class=\"wp-block-uagb-image--layout-overlay__inner center-center\"><a class=\"wp-block-uagb-image--layout-overlay-link \" href=\"https:\/\/takatoukite.com\/index.php\/2024\/09\/30\/pologne\/\" target=\"\" rel=\"noopener\"><\/a><h2 class=\"uagb-image-heading\">POLOGNE<\/h2><figcaption class=\"uagb-image-caption\">Septembre 2024<\/figcaption><\/div><\/figure><\/div>\n<\/div><\/div>\n","protected":false},"excerpt":{"rendered":"<p>\u00c0 travers les contr\u00e9es sauvages qui bordent la mer Baltique et au-del\u00e0. Distance parcourue : 7123 Km Nombre de pays travers\u00e9s : 10 Cha\u00eene cass\u00e9e : 6 Roue Cass\u00e9e : 2 Crevaison : 1 \u00c0 travers les contr\u00e9es sauvages qui bordent la mer Baltique et au-del\u00e0.Distance parcourue : 7123 Km Nombre de pays travers\u00e9s : [&hellip;]<\/p>\n","protected":false},"author":1,"featured_media":0,"parent":0,"menu_order":0,"comment_status":"closed","ping_status":"closed","template":"","meta":{"_uag_custom_page_level_css":"","_monsterinsights_skip_tracking":false,"_monsterinsights_sitenote_active":false,"_monsterinsights_sitenote_note":"","_monsterinsights_sitenote_category":0,"ocean_post_layout":"","ocean_both_sidebars_style":"","ocean_both_sidebars_content_width":0,"ocean_both_sidebars_sidebars_width":0,"ocean_sidebar":"","ocean_second_sidebar":"","ocean_disable_margins":"enable","ocean_add_body_class":"","ocean_shortcode_before_top_bar":"","ocean_shortcode_after_top_bar":"","ocean_shortcode_before_header":"","ocean_shortcode_after_header":"","ocean_has_shortcode":"","ocean_shortcode_after_title":"","ocean_shortcode_before_footer_widgets":"","ocean_shortcode_after_footer_widgets":"","ocean_shortcode_before_footer_bottom":"","ocean_shortcode_after_footer_bottom":"","ocean_display_top_bar":"default","ocean_display_header":"default","ocean_header_style":"","ocean_center_header_left_menu":"","ocean_custom_header_template":"","ocean_custom_logo":0,"ocean_custom_retina_logo":0,"ocean_custom_logo_max_width":0,"ocean_custom_logo_tablet_max_width":0,"ocean_custom_logo_mobile_max_width":0,"ocean_custom_logo_max_height":0,"ocean_custom_logo_tablet_max_height":0,"ocean_custom_logo_mobile_max_height":0,"ocean_header_custom_menu":"","ocean_menu_typo_font_family":"","ocean_menu_typo_font_subset":"","ocean_menu_typo_font_size":0,"ocean_menu_typo_font_size_tablet":0,"ocean_menu_typo_font_size_mobile":0,"ocean_menu_typo_font_size_unit":"px","ocean_menu_typo_font_weight":"","ocean_menu_typo_font_weight_tablet":"","ocean_menu_typo_font_weight_mobile":"","ocean_menu_typo_transform":"","ocean_menu_typo_transform_tablet":"","ocean_menu_typo_transform_mobile":"","ocean_menu_typo_line_height":0,"ocean_menu_typo_line_height_tablet":0,"ocean_menu_typo_line_height_mobile":0,"ocean_menu_typo_line_height_unit":"","ocean_menu_typo_spacing":0,"ocean_menu_typo_spacing_tablet":0,"ocean_menu_typo_spacing_mobile":0,"ocean_menu_typo_spacing_unit":"","ocean_menu_link_color":"","ocean_menu_link_color_hover":"","ocean_menu_link_color_active":"","ocean_menu_link_background":"","ocean_menu_link_hover_background":"","ocean_menu_link_active_background":"","ocean_menu_social_links_bg":"","ocean_menu_social_hover_links_bg":"","ocean_menu_social_links_color":"","ocean_menu_social_hover_links_color":"","ocean_disable_title":"default","ocean_disable_heading":"default","ocean_post_title":"","ocean_post_subheading":"","ocean_post_title_style":"","ocean_post_title_background_color":"","ocean_post_title_background":0,"ocean_post_title_bg_image_position":"","ocean_post_title_bg_image_attachment":"","ocean_post_title_bg_image_repeat":"","ocean_post_title_bg_image_size":"","ocean_post_title_height":0,"ocean_post_title_bg_overlay":0.5,"ocean_post_title_bg_overlay_color":"","ocean_disable_breadcrumbs":"default","ocean_breadcrumbs_color":"","ocean_breadcrumbs_separator_color":"","ocean_breadcrumbs_links_color":"","ocean_breadcrumbs_links_hover_color":"","ocean_display_footer_widgets":"default","ocean_display_footer_bottom":"default","ocean_custom_footer_template":"","footnotes":""},"class_list":["post-1215","page","type-page","status-publish","hentry","entry"],"uagb_featured_image_src":{"full":false,"thumbnail":false,"medium":false,"medium_large":false,"large":false,"1536x1536":false,"2048x2048":false,"ocean-thumb-m":false,"ocean-thumb-ml":false,"ocean-thumb-l":false,"detail":false},"uagb_author_info":{"display_name":"Taka","author_link":"https:\/\/takatoukite.com\/index.php\/author\/admin4500\/"},"uagb_comment_info":0,"uagb_excerpt":"\u00c0 travers les contr\u00e9es sauvages qui bordent la mer Baltique et au-del\u00e0. Distance parcourue : 7123 Km Nombre de pays travers\u00e9s : 10 Cha\u00eene cass\u00e9e : 6 Roue Cass\u00e9e : 2 Crevaison : 1 \u00c0 travers les contr\u00e9es sauvages qui bordent la mer Baltique et au-del\u00e0.Distance parcourue : 7123 Km Nombre de pays travers\u00e9s :&hellip;","_links":{"self":[{"href":"https:\/\/takatoukite.com\/index.php\/wp-json\/wp\/v2\/pages\/1215","targetHints":{"allow":["GET"]}}],"collection":[{"href":"https:\/\/takatoukite.com\/index.php\/wp-json\/wp\/v2\/pages"}],"about":[{"href":"https:\/\/takatoukite.com\/index.php\/wp-json\/wp\/v2\/types\/page"}],"author":[{"embeddable":true,"href":"https:\/\/takatoukite.com\/index.php\/wp-json\/wp\/v2\/users\/1"}],"replies":[{"embeddable":true,"href":"https:\/\/takatoukite.com\/index.php\/wp-json\/wp\/v2\/comments?post=1215"}],"version-history":[{"count":106,"href":"https:\/\/takatoukite.com\/index.php\/wp-json\/wp\/v2\/pages\/1215\/revisions"}],"predecessor-version":[{"id":2250,"href":"https:\/\/takatoukite.com\/index.php\/wp-json\/wp\/v2\/pages\/1215\/revisions\/2250"}],"wp:attachment":[{"href":"https:\/\/takatoukite.com\/index.php\/wp-json\/wp\/v2\/media?parent=1215"}],"curies":[{"name":"wp","href":"https:\/\/api.w.org\/{rel}","templated":true}]}}